{"id":59,"date":"2025-09-08T14:01:43","date_gmt":"2025-09-08T14:01:43","guid":{"rendered":"https:\/\/bodenerdenlustig.ch\/?page_id=59"},"modified":"2025-09-09T18:33:54","modified_gmt":"2025-09-09T18:33:54","slug":"vision-filmidee","status":"publish","type":"page","link":"https:\/\/bodenerdenlustig.ch\/?page_id=59","title":{"rendered":"VISON\/FILMIDEE"},"content":{"rendered":"\n<div class=\"wp-block-cover\" style=\"padding-top:var(--wp--preset--spacing--superbspacing-xlarge);padding-right:0;padding-bottom:var(--wp--preset--spacing--superbspacing-xlarge);padding-left:0;min-height:50px;aspect-ratio:unset;\"><img loading=\"lazy\" decoding=\"async\" width=\"1024\" height=\"458\" class=\"wp-block-cover__image-background wp-image-114 size-large\" alt=\"\" src=\"https:\/\/bodenerdenlustig.ch\/wp-content\/uploads\/2025\/09\/Header_vision-1024x458.jpg\" data-object-fit=\"cover\" srcset=\"https:\/\/bodenerdenlustig.ch\/wp-content\/uploads\/2025\/09\/Header_vision-1024x458.jpg 1024w, https:\/\/bodenerdenlustig.ch\/wp-content\/uploads\/2025\/09\/Header_vision-300x134.jpg 300w, https:\/\/bodenerdenlustig.ch\/wp-content\/uploads\/2025\/09\/Header_vision-768x344.jpg 768w, https:\/\/bodenerdenlustig.ch\/wp-content\/uploads\/2025\/09\/Header_vision-1536x688.jpg 1536w, https:\/\/bodenerdenlustig.ch\/wp-content\/uploads\/2025\/09\/Header_vision.jpg 1566w\" sizes=\"auto, (max-width: 1024px) 100vw, 1024px\" \/><span aria-hidden=\"true\" class=\"wp-block-cover__background has-contrast-dark-background-color has-background-dim-40 has-background-dim\"><\/span><div class=\"wp-block-cover__inner-container is-layout-flow wp-block-cover-is-layout-flow\">\n<div class=\"wp-block-group has-global-padding is-layout-constrained wp-container-core-group-is-layout-27ec71c5 wp-block-group-is-layout-constrained\" style=\"padding-top:0;padding-right:var(--wp--preset--spacing--superbspacing-small);padding-bottom:0;padding-left:var(--wp--preset--spacing--superbspacing-small)\">\n<div class=\"wp-block-group has-global-padding is-content-justification-center is-layout-constrained wp-container-core-group-is-layout-32b5ec3b wp-block-group-is-layout-constrained\" style=\"margin-top:0;margin-bottom:0\">\n<h1 superb-addons-animation=\"fadeInUp\" class=\"wp-block-heading has-text-align-center has-text-color has-barlow-condensed-font-family\" style=\"color:#fdfdfd;font-size:clamp(42.068px, 2.629rem + ((1vw - 3.2px) * 3.215), 80px);font-style:normal;font-weight:600;opacity: 0;\"><strong>DAS SCHAFFEN EINES ZEITDOKUMENTS.<\/strong><\/h1>\n\n\n\n<p class=\"has-text-align-center has-text-color has-superbfont-small-font-size\" style=\"color:#fdfdfd;margin-bottom:var(--wp--preset--spacing--superbspacing-small)\">In einer Zeit der Globalisierung und Vereinheitlichung ist die Bewahrung einzigartiger lokaler Traditionen von unsch\u00e4tzbarem Wert.<\/p>\n<\/div>\n<\/div>\n<\/div><\/div>\n\n\n\n<div class=\"wp-block-columns is-layout-flex wp-container-core-columns-is-layout-28f84493 wp-block-columns-is-layout-flex\">\n<div class=\"wp-block-column is-layout-flow wp-block-column-is-layout-flow\" style=\"flex-basis:33.33%\">\n<p class=\"has-primary-color has-text-color has-link-color has-superbfont-xlarge-font-size wp-elements-82b6194545e6b6a53b73628f1f9733d2\" style=\"font-style:normal;font-weight:600\">BESCHREIBUNG<\/p>\n<\/div>\n<\/div>\n\n\n\n<p class=\"has-mono-2-color has-text-color has-link-color wp-elements-743052c7ebbf4c6014b171cf58d117a7\" style=\"font-style:normal;font-weight:300\">Unser Dokumentarfilm taucht in die faszinierende Tradition der Fasnacht im Klosterdorf Einsiedeln ein, wo eine der urt\u00fcmlichsten Fasnachten der Schweiz gefeiert wird. Die Dokumentation kontrastiert die stille, winterliche Klosterlandschaft mit den urchigen Kl\u00e4ngen der Treicheln, der bunten, wilden Rotte des S\u00fchudiumzuges und den farbenfrohen Kost\u00fcmen der Brotauswerfer.<\/p>\n\n\n\n<p class=\"has-mono-2-color has-text-color has-link-color wp-elements-731581006bac8282cb38d55b572e0999\" style=\"font-style:normal;font-weight:300\">Der Film portr\u00e4tiert Menschen aus Einsiedeln sowohl in ihrem Alltag als auch w\u00e4hrend der Fasnachtszeit, von Jugendlichen, die zum ersten Mal als Teufel auftreten, bis zu erfahrenen Mummerien, die seit Jahren beim Brotauswerfen dabei sind. Diese intimen Portr\u00e4ts zeigen die faszinierende Transformation vom Alltags-Ich zur Fasnachtsfigur, bei dem gew\u00f6hnliche Menschen hinter Masken eine neue Identit\u00e4t annehmen und Seiten ihrer Pers\u00f6nlichkeit entdecken, die im normalen Leben verborgen bleiben.<\/p>\n\n\n\n<div class=\"wp-block-columns is-layout-flex wp-container-core-columns-is-layout-28f84493 wp-block-columns-is-layout-flex\">\n<div class=\"wp-block-column is-layout-flow wp-block-column-is-layout-flow\" style=\"flex-basis:66.66%\"><\/div>\n<\/div>\n\n\n\n<div class=\"wp-block-columns alignwide has-mono-4-background-color has-background is-layout-flex wp-container-core-columns-is-layout-25593187 wp-block-columns-is-layout-flex\">\n<div class=\"wp-block-column is-vertically-aligned-top is-layout-flow wp-container-core-column-is-layout-40a2a7e8 wp-block-column-is-layout-flow\" style=\"padding-right:0;padding-bottom:0;padding-left:0\">\n<figure class=\"wp-block-image size-full has-custom-border\"><img loading=\"lazy\" decoding=\"async\" width=\"2376\" height=\"2001\" src=\"https:\/\/bodenerdenlustig.ch\/wp-content\/uploads\/2025\/09\/Foto_kindertrichler.jpg\" alt=\"\" class=\"wp-image-132\" style=\"border-radius:0px\" srcset=\"https:\/\/bodenerdenlustig.ch\/wp-content\/uploads\/2025\/09\/Foto_kindertrichler.jpg 2376w, https:\/\/bodenerdenlustig.ch\/wp-content\/uploads\/2025\/09\/Foto_kindertrichler-300x253.jpg 300w, https:\/\/bodenerdenlustig.ch\/wp-content\/uploads\/2025\/09\/Foto_kindertrichler-1024x862.jpg 1024w, https:\/\/bodenerdenlustig.ch\/wp-content\/uploads\/2025\/09\/Foto_kindertrichler-768x647.jpg 768w, https:\/\/bodenerdenlustig.ch\/wp-content\/uploads\/2025\/09\/Foto_kindertrichler-1536x1294.jpg 1536w, https:\/\/bodenerdenlustig.ch\/wp-content\/uploads\/2025\/09\/Foto_kindertrichler-2048x1725.jpg 2048w\" sizes=\"auto, (max-width: 2376px) 100vw, 2376px\" \/><\/figure>\n<\/div>\n\n\n\n<div class=\"wp-block-column is-vertically-aligned-center is-layout-flow wp-container-core-column-is-layout-a1628350 wp-block-column-is-layout-flow\" style=\"padding-top:0;padding-right:0;padding-bottom:0;padding-left:0\">\n<div class=\"wp-block-group is-layout-flow wp-container-core-group-is-layout-ff697075 wp-block-group-is-layout-flow\">\n<p class=\"has-featured-color has-text-color has-link-color has-superbfont-small-font-size wp-elements-7f836e2de09e6ddb55ac9e6024308ff0\">DOKUMENTARFILM<\/p>\n\n\n\n<h3 class=\"wp-block-heading has-text-align-left has-barlow-condensed-font-family has-superbfont-xlarge-font-size\" style=\"line-height:1.2\">DIE VISION UND DER KULTURELLE WERT<\/h3>\n\n\n\n<p class=\"has-text-align-left has-mono-2-color has-text-color has-superbfont-small-font-size\">Der Film dokumentiert die reichhaltige Tradition der Einsiedler Fasnacht von den historischen Wurzeln bis zur gelebten Gegenwart. Im Zentrum stehen die charakteristischen Figuren\u200a: der T\u00fcfel als Anf\u00fchrer des S\u00fchudiumzugs mit seinen langen H\u00f6rnern und der schwarzen Larve, das S\u00fchudi mit selbstgemachter Larve und zusammengesuchter Garderobe, Johee und Mummerie als untrennbare Brotauswerfer-Figuren sowie H\u00f6relibajass, und Domino mit ihren venezianischen Wurzeln. In einer Zeit der Globalisierung und Vereinheitlichung ist die Bewahrung einzigartiger lokaler Traditionen von unsch\u00e4tzbarem Wert. Dieser Film wird ein hochwertiges Zeitdokument einer jahrhundertealten Tradition schaffen und das Wissen um die Urspr\u00fcnge und die Bedeutung der Einsiedler Fasnacht bewahren. Er st\u00e4rkt die kulturelle Identit\u00e4t der Region und d\u00fcrfte als Botschafter f\u00fcr die Vielfalt des Schweizer Kulturerbes wirken. \u00dcber die Region Einsiedeln hinaus wird der Film eine kulturelle Strahlkraft entwickeln und somit die Einsiedler Fasnachtstradition noch bekannter machen.<\/p>\n\n\n\n<p class=\"has-text-align-left has-mono-2-color has-text-color has-superbfont-small-font-size\"><\/p>\n<\/div>\n<\/div>\n<\/div>\n","protected":false},"excerpt":{"rendered":"<p>BESCHREIBUNG Unser Dokumentarfilm taucht in die faszinierende Tradition der Fasnacht im Klosterdorf Einsiedeln ein, wo eine der urt\u00fcmlichsten Fasnachten der Schweiz gefeiert wird. Die Dokumentation kontrastiert die stille, winterliche Klosterlandschaft mit den urchigen Kl\u00e4ngen der Treicheln, der bunten, wilden Rotte des S\u00fchudiumzuges und den farbenfrohen Kost\u00fcmen der Brotauswerfer. Der Film portr\u00e4tiert Menschen aus Einsiedeln sowohl [&hellip;]<\/p>\n","protected":false},"author":1,"featured_media":0,"parent":0,"menu_order":0,"comment_status":"closed","ping_status":"closed","template":"","meta":{"footnotes":""},"class_list":["post-59","page","type-page","status-publish","hentry"],"_links":{"self":[{"href":"https:\/\/bodenerdenlustig.ch\/index.php?rest_route=\/wp\/v2\/pages\/59","targetHints":{"allow":["GET"]}}],"collection":[{"href":"https:\/\/bodenerdenlustig.ch\/index.php?rest_route=\/wp\/v2\/pages"}],"about":[{"href":"https:\/\/bodenerdenlustig.ch\/index.php?rest_route=\/wp\/v2\/types\/page"}],"author":[{"embeddable":true,"href":"https:\/\/bodenerdenlustig.ch\/index.php?rest_route=\/wp\/v2\/users\/1"}],"replies":[{"embeddable":true,"href":"https:\/\/bodenerdenlustig.ch\/index.php?rest_route=%2Fwp%2Fv2%2Fcomments&post=59"}],"version-history":[{"count":15,"href":"https:\/\/bodenerdenlustig.ch\/index.php?rest_route=\/wp\/v2\/pages\/59\/revisions"}],"predecessor-version":[{"id":191,"href":"https:\/\/bodenerdenlustig.ch\/index.php?rest_route=\/wp\/v2\/pages\/59\/revisions\/191"}],"wp:attachment":[{"href":"https:\/\/bodenerdenlustig.ch\/index.php?rest_route=%2Fwp%2Fv2%2Fmedia&parent=59"}],"curies":[{"name":"wp","href":"https:\/\/api.w.org\/{rel}","templated":true}]}}