{"id":58,"date":"2025-09-07T12:12:39","date_gmt":"2025-09-07T12:12:39","guid":{"rendered":"https:\/\/bodenerdenlustig.ch\/?page_id=58"},"modified":"2026-03-28T14:49:01","modified_gmt":"2026-03-28T14:49:01","slug":"sponsoring","status":"publish","type":"page","link":"https:\/\/bodenerdenlustig.ch\/?page_id=58","title":{"rendered":"SPONSORING"},"content":{"rendered":"\n<div class=\"wp-block-cover\" style=\"padding-top:var(--wp--preset--spacing--superbspacing-xlarge);padding-right:0;padding-bottom:var(--wp--preset--spacing--superbspacing-xlarge);padding-left:0;min-height:434px;aspect-ratio:unset;\"><img loading=\"lazy\" decoding=\"async\" width=\"1024\" height=\"458\" class=\"wp-block-cover__image-background wp-image-112 size-large\" alt=\"\" src=\"https:\/\/bodenerdenlustig.ch\/wp-content\/uploads\/2025\/09\/header_sponsoren-1024x458.jpg\" data-object-fit=\"cover\" srcset=\"https:\/\/bodenerdenlustig.ch\/wp-content\/uploads\/2025\/09\/header_sponsoren-1024x458.jpg 1024w, https:\/\/bodenerdenlustig.ch\/wp-content\/uploads\/2025\/09\/header_sponsoren-300x134.jpg 300w, https:\/\/bodenerdenlustig.ch\/wp-content\/uploads\/2025\/09\/header_sponsoren-768x344.jpg 768w, https:\/\/bodenerdenlustig.ch\/wp-content\/uploads\/2025\/09\/header_sponsoren-1536x688.jpg 1536w, https:\/\/bodenerdenlustig.ch\/wp-content\/uploads\/2025\/09\/header_sponsoren.jpg 1566w\" sizes=\"auto, (max-width: 1024px) 100vw, 1024px\" \/><span aria-hidden=\"true\" class=\"wp-block-cover__background has-contrast-dark-background-color has-background-dim-40 has-background-dim\"><\/span><div class=\"wp-block-cover__inner-container is-layout-flow wp-block-cover-is-layout-flow\">\n<div class=\"wp-block-group has-global-padding is-layout-constrained wp-container-core-group-is-layout-27ec71c5 wp-block-group-is-layout-constrained\" style=\"padding-top:0;padding-right:var(--wp--preset--spacing--superbspacing-small);padding-bottom:0;padding-left:var(--wp--preset--spacing--superbspacing-small)\">\n<div class=\"wp-block-group has-global-padding is-content-justification-center is-layout-constrained wp-container-core-group-is-layout-32b5ec3b wp-block-group-is-layout-constrained\" style=\"margin-top:0;margin-bottom:0\">\n<h1 superb-addons-animation=\"fadeInUp\" class=\"wp-block-heading has-text-align-center has-text-color has-barlow-condensed-font-family\" style=\"color:#fdfdfd;font-size:clamp(42.068px, 2.629rem + ((1vw - 3.2px) * 3.215), 80px);font-style:normal;font-weight:600;opacity: 0;\">WERDEN SIE EIN TEIL DES FILMS!<\/h1>\n\n\n\n<p class=\"has-text-align-center has-text-color has-superbfont-small-font-size\" style=\"color:#fdfdfd;margin-bottom:var(--wp--preset--spacing--superbspacing-small)\">Um die Vision unseres Films umsetzen zu k\u00f6nnen sind wir auf finanzielle Unterst\u00fctzung angewiesen und freuen uns \u00fcber jeden Sponsor.<\/p>\n<\/div>\n<\/div>\n<\/div><\/div>\n\n\n\n<div class=\"wp-block-columns is-layout-flex wp-container-core-columns-is-layout-28f84493 wp-block-columns-is-layout-flex\">\n<div class=\"wp-block-column is-vertically-aligned-top is-layout-flow wp-container-core-column-is-layout-db2cb278 wp-block-column-is-layout-flow\">\n<div class=\"wp-block-group has-global-padding is-layout-constrained wp-container-core-group-is-layout-85cc789f wp-block-group-is-layout-constrained\">\n<div class=\"wp-block-group has-global-padding is-layout-constrained wp-container-core-group-is-layout-19e250f3 wp-block-group-is-layout-constrained\">\n<h3 class=\"wp-block-heading has-text-align-left has-contrast-color has-text-color has-superbfont-medium-font-size\">BUDGET<\/h3>\n<\/div>\n\n\n\n<p class=\"has-text-align-left has-mono-2-color has-text-color has-superbfont-xsmall-font-size\" style=\"margin-top:var(--wp--preset--spacing--superbspacing-xxsmall);margin-bottom:var(--wp--preset--spacing--superbspacing-xxsmall)\">Das Gesamtbudget<strong> <\/strong>eines solchen Vorhabens w\u00fcrde sich schnell auf <strong>CHF 300\u2019000<\/strong> belaufen. Da wir jedoch mit viel Enthusiasmus, Freude und ehrenamtlich unterwegs sind und auf wohlwollende unentgeltliche Unterst\u00fctzung vieler Fasnachts-Teilnehmer z\u00e4hlen, rechnen wir mit einem wesentlich kleineren Finanzbedarf. Dieser wird dennoch bei ungef\u00e4hr <strong>CHF 100\u2019000<\/strong> liegen. Einen wesentlichen Kostenblock bilden die Aufzeichnungen und Auswertungen der vielen geplanten Interviews mit den verschiedenen Akteuren.&nbsp;<br><\/p>\n<\/div>\n<\/div>\n\n\n\n<div class=\"wp-block-column is-vertically-aligned-top is-layout-flow wp-container-core-column-is-layout-db2cb278 wp-block-column-is-layout-flow\">\n<div class=\"wp-block-group has-global-padding is-layout-constrained wp-container-core-group-is-layout-85cc789f wp-block-group-is-layout-constrained\">\n<div class=\"wp-block-group has-global-padding is-layout-constrained wp-container-core-group-is-layout-19e250f3 wp-block-group-is-layout-constrained\">\n<h3 class=\"wp-block-heading has-text-align-left has-contrast-color has-text-color has-superbfont-medium-font-size\">ZEITPLAN<\/h3>\n<\/div>\n\n\n\n<p class=\"has-text-align-left has-mono-2-color has-text-color has-superbfont-xsmall-font-size\" style=\"margin-top:var(--wp--preset--spacing--superbspacing-xxsmall);margin-bottom:var(--wp--preset--spacing--superbspacing-xxsmall)\"><strong>Der Zeitplan <\/strong>erstreckt sich von der Vorproduktion, welche bereits im Jahr 2024 angelaufen ist, bis zur finalen Distribution im Vorfeld der Fasnacht 2027, wobei die beiden Fasnachtszeiten 2025 und 2026 f\u00fcr die Hauptaufnahmen genutzt werden.&nbsp;<br><\/p>\n<\/div>\n<\/div>\n<\/div>\n\n\n\n<h3 class=\"wp-block-heading has-barlow-condensed-font-family\">IHRE VORTEILE:<\/h3>\n\n\n\n<div class=\"wp-block-columns is-layout-flex wp-container-core-columns-is-layout-28f84493 wp-block-columns-is-layout-flex\">\n<div class=\"wp-block-column is-layout-flow wp-block-column-is-layout-flow\">\n<figure class=\"wp-block-image size-large\"><img loading=\"lazy\" decoding=\"async\" width=\"1024\" height=\"464\" src=\"https:\/\/bodenerdenlustig.ch\/wp-content\/uploads\/2025\/09\/Sponsoring_Zeichenflaeche-1-1024x464.png\" alt=\"\" class=\"wp-image-88\" srcset=\"https:\/\/bodenerdenlustig.ch\/wp-content\/uploads\/2025\/09\/Sponsoring_Zeichenflaeche-1-1024x464.png 1024w, https:\/\/bodenerdenlustig.ch\/wp-content\/uploads\/2025\/09\/Sponsoring_Zeichenflaeche-1-300x136.png 300w, https:\/\/bodenerdenlustig.ch\/wp-content\/uploads\/2025\/09\/Sponsoring_Zeichenflaeche-1-768x348.png 768w, https:\/\/bodenerdenlustig.ch\/wp-content\/uploads\/2025\/09\/Sponsoring_Zeichenflaeche-1-1536x697.png 1536w, https:\/\/bodenerdenlustig.ch\/wp-content\/uploads\/2025\/09\/Sponsoring_Zeichenflaeche-1-2048x929.png 2048w\" sizes=\"auto, (max-width: 1024px) 100vw, 1024px\" \/><\/figure>\n<\/div>\n\n\n\n<div class=\"wp-block-column is-layout-flow wp-block-column-is-layout-flow\">\n<figure class=\"wp-block-image size-large\"><img loading=\"lazy\" decoding=\"async\" width=\"1024\" height=\"464\" src=\"https:\/\/bodenerdenlustig.ch\/wp-content\/uploads\/2025\/09\/Sponsoring-02-1-1024x464.png\" alt=\"\" class=\"wp-image-89\" srcset=\"https:\/\/bodenerdenlustig.ch\/wp-content\/uploads\/2025\/09\/Sponsoring-02-1-1024x464.png 1024w, https:\/\/bodenerdenlustig.ch\/wp-content\/uploads\/2025\/09\/Sponsoring-02-1-300x136.png 300w, https:\/\/bodenerdenlustig.ch\/wp-content\/uploads\/2025\/09\/Sponsoring-02-1-768x348.png 768w, https:\/\/bodenerdenlustig.ch\/wp-content\/uploads\/2025\/09\/Sponsoring-02-1-1536x697.png 1536w, https:\/\/bodenerdenlustig.ch\/wp-content\/uploads\/2025\/09\/Sponsoring-02-1-2048x929.png 2048w\" sizes=\"auto, (max-width: 1024px) 100vw, 1024px\" \/><\/figure>\n<\/div>\n<\/div>\n\n\n\n<div style=\"height:40px\" aria-hidden=\"true\" class=\"wp-block-spacer\"><\/div>\n\n\n\n<div class=\"wp-block-columns alignwide has-mono-4-background-color has-background is-layout-flex wp-container-core-columns-is-layout-25593187 wp-block-columns-is-layout-flex\">\n<div class=\"wp-block-column is-vertically-aligned-center is-layout-flow wp-container-core-column-is-layout-a1628350 wp-block-column-is-layout-flow\" style=\"padding-top:0;padding-right:0;padding-bottom:0;padding-left:0\">\n<div class=\"wp-block-group is-layout-flow wp-container-core-group-is-layout-ff697075 wp-block-group-is-layout-flow\">\n<h2 class=\"wp-block-heading has-text-align-left has-barlow-condensed-font-family has-superbfont-xlarge-font-size\" style=\"line-height:1.2\"><strong>ZUS\u00c4TZLICHER NUTZEN F\u00dcR UNTERST\u00dcTZER UND VERMARKTUNG<\/strong><\/h2>\n\n\n\n<div style=\"height:9px\" aria-hidden=\"true\" class=\"wp-block-spacer\"><\/div>\n\n\n\n<p class=\"has-text-align-left has-featured-color has-text-color has-link-color has-barlow-condensed-font-family has-superbfont-small-font-size wp-elements-0f3c13fff43a3b37624c43f13dd2ab28\" style=\"font-style:normal;font-weight:400;text-transform:none\"><mark style=\"background-color:rgba(0, 0, 0, 0)\" class=\"has-inline-color has-featured-color\">Als Unterst\u00fctzer profitieren Sie von einer positiven Assoziation mit einem kulturell bedeutsamen Projekt, erh\u00f6hter Sichtbarkeit in der Region und dar\u00fcber hinaus. Es st\u00e4rkt ihre lokale Verankerung und unterstreicht Ihre kulturelle Verantwortung. Sie profitieren von langfristiger Pr\u00e4senz, da der Film als Zeitdokument \u00fcber Jahre hinweg gesehen wird.<\/mark><\/p>\n\n\n\n<p class=\"has-text-align-left has-mono-2-color has-text-color has-superbfont-small-font-size\">Der Film richtet sich an das regionale Publikum mit direktem Fasnachtsbezug, das schweizweite Publikum mit Interesse an traditionellem Brauchtum sowie internationale Festivalbesucher und Dokumentarfilm-Liebhaber. Die Vermarktung erfolgt \u00fcber lokale Kinos, insbesondere die \u00ab\u200aCineboxx\u200a\u00bb in Einsiedeln, auch streben wir die Teilnahme an&nbsp; internationalen Dokumentarfilm-Festivals an.&nbsp;&nbsp;<\/p>\n\n\n\n<p class=\"has-text-align-left has-mono-2-color has-text-color has-superbfont-small-font-size\">Durch Ihre Unterst\u00fctzung leisten Sie einen wichtigen Beitrag zur Bewahrung des immateriellen Kulturerbes der Schweiz und erm\u00f6glichen die Entstehung eines Films mit dem Potenzial f\u00fcr internationale Ausstrahlung, der die Einzigartigkeit der Einsiedler Fasnacht weit \u00fcber die Grenzen der Region hinaus bekannt macht.&nbsp;<br><\/p>\n<\/div>\n<\/div>\n\n\n\n<div class=\"wp-block-column is-vertically-aligned-top is-layout-flow wp-container-core-column-is-layout-40a2a7e8 wp-block-column-is-layout-flow\" style=\"padding-right:0;padding-bottom:0;padding-left:0\">\n<figure class=\"wp-block-image size-full has-custom-border\"><img loading=\"lazy\" decoding=\"async\" width=\"1920\" height=\"2560\" src=\"https:\/\/bodenerdenlustig.ch\/wp-content\/uploads\/2025\/09\/FOTOS-02-scaled.jpg\" alt=\"\" class=\"wp-image-31\" style=\"border-radius:0px\" srcset=\"https:\/\/bodenerdenlustig.ch\/wp-content\/uploads\/2025\/09\/FOTOS-02-scaled.jpg 1920w, https:\/\/bodenerdenlustig.ch\/wp-content\/uploads\/2025\/09\/FOTOS-02-225x300.jpg 225w, https:\/\/bodenerdenlustig.ch\/wp-content\/uploads\/2025\/09\/FOTOS-02-768x1024.jpg 768w, https:\/\/bodenerdenlustig.ch\/wp-content\/uploads\/2025\/09\/FOTOS-02-1152x1536.jpg 1152w, https:\/\/bodenerdenlustig.ch\/wp-content\/uploads\/2025\/09\/FOTOS-02-1536x2048.jpg 1536w\" sizes=\"auto, (max-width: 1920px) 100vw, 1920px\" \/><\/figure>\n\n\n\n<p class=\"has-featured-color has-text-color has-link-color wp-elements-2c5bee94f7455cdc9f9ae38a03f98535\"><strong>HIER SPENDEN MIT TWINT:<\/strong><\/p>\n\n\n\n<div class=\"wp-block-columns is-layout-flex wp-container-core-columns-is-layout-28f84493 wp-block-columns-is-layout-flex\">\n<div class=\"wp-block-column is-layout-flow wp-block-column-is-layout-flow\" style=\"flex-basis:66.66%\">\n<div id=\"rnw-paylink-button-hsswq\"><\/div>\n<script type=\"module\">\n  import {TwintButton} from \"https:\/\/unpkg.com\/@raisenow\/paylink-button@2\/dist\/TwintButton.js\"\n  TwintButton.render(\"#rnw-paylink-button-hsswq\", {\n    \"solution-id\": \"hsswq\",\n    \"solution-type\": \"donate\",\n    \"language\": \"de\",\n    \"size\": \"large\",\n    \"width\": \"fixed\",\n    \"color-scheme\": \"dark\",\n  })\n<\/script>\n<\/div>\n<\/div>\n\n\n\n<p class=\"has-mono-1-color has-text-color has-link-color has-superbfont-small-font-size wp-elements-ef380d642a0a29544f2d665218965727\">Kontoname\u200a: <br>IG bodenerdenlustig<\/p>\n\n\n\n<p class=\"has-mono-1-color has-text-color has-link-color has-superbfont-small-font-size wp-elements-d22e41eaf451bfb9b71346b6f0aa4721\">IBAN Nummer\u200a: <br>CH18 0077 7009 7545 5142 5<\/p>\n\n\n\n<p class=\"has-mono-1-color has-text-color has-link-color has-superbfont-small-font-size wp-elements-6d796e1f83876e73340ffed8d8212f08\">Adresse\u200a: Kobiboden 61, 8840 Einsiedeln<\/p>\n\n\n\n<div class=\"wp-block-columns is-layout-flex wp-container-core-columns-is-layout-28f84493 wp-block-columns-is-layout-flex\">\n<div class=\"wp-block-column is-layout-flow wp-block-column-is-layout-flow\">\n<figure class=\"wp-block-image size-full is-resized\"><img loading=\"lazy\" decoding=\"async\" width=\"378\" height=\"379\" src=\"https:\/\/bodenerdenlustig.ch\/wp-content\/uploads\/2025\/09\/Einzahlungscode.jpg\" alt=\"\" class=\"wp-image-165\" style=\"width:325px;height:auto\" srcset=\"https:\/\/bodenerdenlustig.ch\/wp-content\/uploads\/2025\/09\/Einzahlungscode.jpg 378w, https:\/\/bodenerdenlustig.ch\/wp-content\/uploads\/2025\/09\/Einzahlungscode-300x300.jpg 300w, https:\/\/bodenerdenlustig.ch\/wp-content\/uploads\/2025\/09\/Einzahlungscode-150x150.jpg 150w\" sizes=\"auto, (max-width: 378px) 100vw, 378px\" \/><\/figure>\n<\/div>\n\n\n\n<div class=\"wp-block-column is-layout-flow wp-block-column-is-layout-flow\">\n<p class=\"has-featured-color has-text-color has-link-color has-superbfont-xsmall-font-size wp-elements-2ecd807c85f6e9ede1f2fa19b5da71b2\"><a href=\"https:\/\/bodenerdenlustig.ch\/wp-content\/uploads\/2025\/09\/Einzahlungsschein_Film_bodenerdenlustig.pdf\" data-type=\"attachment\" data-id=\"231\">Einzahlungsschein hier herunterladen<\/a><\/p>\n<\/div>\n<\/div>\n<\/div>\n<\/div>\n\n\n\n<div class=\"wp-block-columns is-layout-flex wp-container-core-columns-is-layout-28f84493 wp-block-columns-is-layout-flex\">\n<div class=\"wp-block-column is-layout-flow wp-block-column-is-layout-flow\"><\/div>\n\n\n\n<div class=\"wp-block-column is-layout-flow wp-block-column-is-layout-flow\"><\/div>\n<\/div>\n\n\n\n<div class=\"wp-block-columns is-layout-flex wp-container-core-columns-is-layout-28f84493 wp-block-columns-is-layout-flex\">\n<div class=\"wp-block-column is-layout-flow wp-block-column-is-layout-flow\"><\/div>\n<\/div>\n\n\n\n<p><\/p>\n","protected":false},"excerpt":{"rendered":"<p>BUDGET Das Gesamtbudget eines solchen Vorhabens w\u00fcrde sich schnell auf CHF 300\u2019000 belaufen. Da wir jedoch mit viel Enthusiasmus, Freude und ehrenamtlich unterwegs sind und auf wohlwollende unentgeltliche Unterst\u00fctzung vieler Fasnachts-Teilnehmer z\u00e4hlen, rechnen wir mit einem wesentlich kleineren Finanzbedarf. Dieser wird dennoch bei ungef\u00e4hr CHF 100\u2019000 liegen. Einen wesentlichen Kostenblock bilden die Aufzeichnungen und Auswertungen [&hellip;]<\/p>\n","protected":false},"author":1,"featured_media":0,"parent":0,"menu_order":0,"comment_status":"closed","ping_status":"closed","template":"","meta":{"footnotes":""},"class_list":["post-58","page","type-page","status-publish","hentry"],"_links":{"self":[{"href":"https:\/\/bodenerdenlustig.ch\/index.php?rest_route=\/wp\/v2\/pages\/58","targetHints":{"allow":["GET"]}}],"collection":[{"href":"https:\/\/bodenerdenlustig.ch\/index.php?rest_route=\/wp\/v2\/pages"}],"about":[{"href":"https:\/\/bodenerdenlustig.ch\/index.php?rest_route=\/wp\/v2\/types\/page"}],"author":[{"embeddable":true,"href":"https:\/\/bodenerdenlustig.ch\/index.php?rest_route=\/wp\/v2\/users\/1"}],"replies":[{"embeddable":true,"href":"https:\/\/bodenerdenlustig.ch\/index.php?rest_route=%2Fwp%2Fv2%2Fcomments&post=58"}],"version-history":[{"count":39,"href":"https:\/\/bodenerdenlustig.ch\/index.php?rest_route=\/wp\/v2\/pages\/58\/revisions"}],"predecessor-version":[{"id":383,"href":"https:\/\/bodenerdenlustig.ch\/index.php?rest_route=\/wp\/v2\/pages\/58\/revisions\/383"}],"wp:attachment":[{"href":"https:\/\/bodenerdenlustig.ch\/index.php?rest_route=%2Fwp%2Fv2%2Fmedia&parent=58"}],"curies":[{"name":"wp","href":"https:\/\/api.w.org\/{rel}","templated":true}]}}