{"id":57,"date":"2025-09-07T11:55:52","date_gmt":"2025-09-07T11:55:52","guid":{"rendered":"https:\/\/bodenerdenlustig.ch\/?page_id=57"},"modified":"2025-09-09T18:30:58","modified_gmt":"2025-09-09T18:30:58","slug":"ueber-uns","status":"publish","type":"page","link":"https:\/\/bodenerdenlustig.ch\/?page_id=57","title":{"rendered":"\u00dcBER UNS"},"content":{"rendered":"\n<div class=\"wp-block-cover\" style=\"padding-top:var(--wp--preset--spacing--superbspacing-xlarge);padding-right:0;padding-bottom:var(--wp--preset--spacing--superbspacing-xlarge);padding-left:0;min-height:50px;aspect-ratio:unset;\"><img loading=\"lazy\" decoding=\"async\" width=\"1024\" height=\"458\" class=\"wp-block-cover__image-background wp-image-110 size-large\" alt=\"\" src=\"https:\/\/bodenerdenlustig.ch\/wp-content\/uploads\/2025\/09\/Header_ueberuns-1024x458.jpg\" data-object-fit=\"cover\" srcset=\"https:\/\/bodenerdenlustig.ch\/wp-content\/uploads\/2025\/09\/Header_ueberuns-1024x458.jpg 1024w, https:\/\/bodenerdenlustig.ch\/wp-content\/uploads\/2025\/09\/Header_ueberuns-300x134.jpg 300w, https:\/\/bodenerdenlustig.ch\/wp-content\/uploads\/2025\/09\/Header_ueberuns-768x344.jpg 768w, https:\/\/bodenerdenlustig.ch\/wp-content\/uploads\/2025\/09\/Header_ueberuns-1536x688.jpg 1536w, https:\/\/bodenerdenlustig.ch\/wp-content\/uploads\/2025\/09\/Header_ueberuns.jpg 1566w\" sizes=\"auto, (max-width: 1024px) 100vw, 1024px\" \/><span aria-hidden=\"true\" class=\"wp-block-cover__background has-contrast-dark-background-color has-background-dim-40 has-background-dim\"><\/span><div class=\"wp-block-cover__inner-container is-layout-flow wp-block-cover-is-layout-flow\">\n<div class=\"wp-block-group has-global-padding is-layout-constrained wp-container-core-group-is-layout-27ec71c5 wp-block-group-is-layout-constrained\" style=\"padding-top:0;padding-right:var(--wp--preset--spacing--superbspacing-small);padding-bottom:0;padding-left:var(--wp--preset--spacing--superbspacing-small)\">\n<div class=\"wp-block-group has-global-padding is-content-justification-center is-layout-constrained wp-container-core-group-is-layout-32b5ec3b wp-block-group-is-layout-constrained\" style=\"margin-top:0;margin-bottom:0\">\n<h1 superb-addons-animation=\"fadeInUp\" class=\"wp-block-heading has-text-align-center has-text-color has-barlow-condensed-font-family\" style=\"color:#fdfdfd;font-size:clamp(42.068px, 2.629rem + ((1vw - 3.2px) * 3.215), 80px);font-style:normal;font-weight:400;opacity: 0;\"><strong>DIE FILMEMACHER<\/strong><\/h1>\n\n\n\n<p class=\"has-text-align-center has-text-color has-superbfont-small-font-size\" style=\"color:#fdfdfd;margin-bottom:var(--wp--preset--spacing--superbspacing-small)\">Zu jedem erfolgreichen Projekt geh\u00f6rt nat\u00fcrlich ein engagiertes und kreatives Team dazu, was die Realisation erst m\u00f6glich macht.<\/p>\n<\/div>\n<\/div>\n<\/div><\/div>\n\n\n\n<div class=\"wp-block-group alignfull has-mono-4-background-color has-background has-global-padding is-layout-constrained wp-container-core-group-is-layout-129f6e7c wp-block-group-is-layout-constrained\" style=\"margin-top:0;margin-bottom:0;padding-top:var(--wp--preset--spacing--superbspacing-large);padding-right:var(--wp--preset--spacing--superbspacing-small);padding-bottom:var(--wp--preset--spacing--superbspacing-large);padding-left:var(--wp--preset--spacing--superbspacing-small)\">\n<div class=\"wp-block-columns alignwide is-layout-flex wp-container-core-columns-is-layout-25593187 wp-block-columns-is-layout-flex\">\n<div class=\"wp-block-column is-vertically-aligned-center is-layout-flow wp-container-core-column-is-layout-a1628350 wp-block-column-is-layout-flow\" style=\"padding-top:0;padding-right:0;padding-bottom:0;padding-left:0\">\n<div class=\"wp-block-group is-layout-flow wp-container-core-group-is-layout-ff697075 wp-block-group-is-layout-flow\">\n<p class=\"has-featured-color has-text-color has-link-color has-superbfont-small-font-size wp-elements-6be6781e44ed0310af0a67d43d364220\">FILMEMACHER<\/p>\n\n\n\n<h3 class=\"wp-block-heading has-text-align-left has-barlow-condensed-font-family has-superbfont-xlarge-font-size\" style=\"line-height:1.2\"><strong>FRANZ K\u00c4LIN<\/strong><\/h3>\n\n\n\n<p class=\"has-text-align-left has-mono-2-color has-text-color has-superbfont-small-font-size\">\u00abEinsiedler Kulturpreistr\u00e4ger 2025\u00bb, ist ein erfahrener Filmemacher mit tiefer regionaler Verwurzelung. Sein Portfolio umfasst auch preisgekr\u00f6nte Werke wie \u00abQuality Time\u00bb, \u00abTelephon\u00bb, \u00abRampass\u00bb und \u00abIm Schatten der Modonna\u00bb. Seine besondere St\u00e4rke liegt in der authentischen Portr\u00e4tierung lokaler Charaktere und Traditionen. Als Gr\u00fcnder und Betreiber des Kinos \u00abCineboxx\u00bb bietet er in Einsiedeln \u00abGrosses Kino\u00bb und einen Ort der Kultur.&nbsp;<br><\/p>\n\n\n\n<div class=\"wp-block-buttons is-layout-flex wp-block-buttons-is-layout-flex\">\n<div class=\"wp-block-button\"><a class=\"wp-block-button__link wp-element-button\" href=\"mailto:info@magentafilm.ch\">EMAIL<\/a><\/div>\n<\/div>\n\n\n\n<p><\/p>\n<\/div>\n<\/div>\n\n\n\n<div class=\"wp-block-column is-vertically-aligned-center is-layout-flow wp-container-core-column-is-layout-40a2a7e8 wp-block-column-is-layout-flow\" style=\"padding-right:0;padding-bottom:0;padding-left:0\">\n<figure class=\"wp-block-image size-full has-custom-border\"><img loading=\"lazy\" decoding=\"async\" width=\"2560\" height=\"1721\" src=\"https:\/\/bodenerdenlustig.ch\/wp-content\/uploads\/2025\/09\/Foto_Franz-scaled.jpg\" alt=\"\" class=\"wp-image-34\" style=\"border-radius:0px\" srcset=\"https:\/\/bodenerdenlustig.ch\/wp-content\/uploads\/2025\/09\/Foto_Franz-scaled.jpg 2560w, https:\/\/bodenerdenlustig.ch\/wp-content\/uploads\/2025\/09\/Foto_Franz-300x202.jpg 300w, https:\/\/bodenerdenlustig.ch\/wp-content\/uploads\/2025\/09\/Foto_Franz-1024x688.jpg 1024w, https:\/\/bodenerdenlustig.ch\/wp-content\/uploads\/2025\/09\/Foto_Franz-768x516.jpg 768w, https:\/\/bodenerdenlustig.ch\/wp-content\/uploads\/2025\/09\/Foto_Franz-1536x1032.jpg 1536w, https:\/\/bodenerdenlustig.ch\/wp-content\/uploads\/2025\/09\/Foto_Franz-2048x1377.jpg 2048w\" sizes=\"auto, (max-width: 2560px) 100vw, 2560px\" \/><\/figure>\n<\/div>\n<\/div>\n<\/div>\n\n\n\n<div class=\"wp-block-columns alignwide has-mono-4-background-color has-background is-layout-flex wp-container-core-columns-is-layout-25593187 wp-block-columns-is-layout-flex\">\n<div class=\"wp-block-column is-vertically-aligned-center is-layout-flow wp-container-core-column-is-layout-40a2a7e8 wp-block-column-is-layout-flow\" style=\"padding-right:0;padding-bottom:0;padding-left:0\">\n<figure class=\"wp-block-image size-full has-custom-border\"><img loading=\"lazy\" decoding=\"async\" width=\"2376\" height=\"2001\" src=\"https:\/\/bodenerdenlustig.ch\/wp-content\/uploads\/2025\/09\/Foto_Roli-1.jpg\" alt=\"\" class=\"wp-image-36\" style=\"border-radius:0px\" srcset=\"https:\/\/bodenerdenlustig.ch\/wp-content\/uploads\/2025\/09\/Foto_Roli-1.jpg 2376w, https:\/\/bodenerdenlustig.ch\/wp-content\/uploads\/2025\/09\/Foto_Roli-1-300x253.jpg 300w, https:\/\/bodenerdenlustig.ch\/wp-content\/uploads\/2025\/09\/Foto_Roli-1-1024x862.jpg 1024w, https:\/\/bodenerdenlustig.ch\/wp-content\/uploads\/2025\/09\/Foto_Roli-1-768x647.jpg 768w, https:\/\/bodenerdenlustig.ch\/wp-content\/uploads\/2025\/09\/Foto_Roli-1-1536x1294.jpg 1536w, https:\/\/bodenerdenlustig.ch\/wp-content\/uploads\/2025\/09\/Foto_Roli-1-2048x1725.jpg 2048w\" sizes=\"auto, (max-width: 2376px) 100vw, 2376px\" \/><\/figure>\n<\/div>\n\n\n\n<div class=\"wp-block-column is-vertically-aligned-center is-layout-flow wp-container-core-column-is-layout-a1628350 wp-block-column-is-layout-flow\" style=\"padding-top:0;padding-right:0;padding-bottom:0;padding-left:0\">\n<div class=\"wp-block-group is-layout-flow wp-container-core-group-is-layout-ff697075 wp-block-group-is-layout-flow\">\n<p class=\"has-featured-color has-text-color has-link-color has-superbfont-small-font-size wp-elements-6be6781e44ed0310af0a67d43d364220\">FILMEMACHER<\/p>\n\n\n\n<h3 class=\"wp-block-heading has-text-align-left has-barlow-condensed-font-family has-superbfont-xlarge-font-size\" style=\"line-height:1.2\">ROLAND OCHSNER<\/h3>\n\n\n\n<p class=\"has-text-align-left has-mono-2-color has-text-color has-superbfont-small-font-size\">bringt als echtes Multitalent eine einzigartige Kombination aus lokaler Verwurzelung und kulturellem Engagement mit. Als treibende Kraft hinter der Schnitzelbank-Gruppe \u00abFrau Antje aus Einsiedeln\u00bb, die \u00fcber 25 Jahre lang die Einsiedler Fasnacht bereicherte, verf\u00fcgt er \u00fcber umfassende Insider-Kenntnisse. Seine Erfahrung als Theaterregisseur und Autor sowie seine Weiterbildung im Drehbuchschreiben bei Urs B\u00fchler qualifizieren ihn ideal f\u00fcr dieses Projekt.<\/p>\n\n\n\n<p class=\"has-text-align-left has-mono-2-color has-text-color has-superbfont-small-font-size\"><\/p>\n\n\n\n<div class=\"wp-block-buttons is-layout-flex wp-block-buttons-is-layout-flex\">\n<div class=\"wp-block-button\"><a class=\"wp-block-button__link wp-element-button\" href=\"mailto:roland@ochsnair.ch\">EMAIL<\/a><\/div>\n<\/div>\n<\/div>\n<\/div>\n<\/div>\n","protected":false},"excerpt":{"rendered":"<p>FILMEMACHER FRANZ K\u00c4LIN \u00abEinsiedler Kulturpreistr\u00e4ger 2025\u00bb, ist ein erfahrener Filmemacher mit tiefer regionaler Verwurzelung. Sein Portfolio umfasst auch preisgekr\u00f6nte Werke wie \u00abQuality Time\u00bb, \u00abTelephon\u00bb, \u00abRampass\u00bb und \u00abIm Schatten der Modonna\u00bb. Seine besondere St\u00e4rke liegt in der authentischen Portr\u00e4tierung lokaler Charaktere und Traditionen. Als Gr\u00fcnder und Betreiber des Kinos \u00abCineboxx\u00bb bietet er in Einsiedeln \u00abGrosses Kino\u00bb [&hellip;]<\/p>\n","protected":false},"author":1,"featured_media":0,"parent":0,"menu_order":0,"comment_status":"closed","ping_status":"closed","template":"","meta":{"footnotes":""},"class_list":["post-57","page","type-page","status-publish","hentry"],"_links":{"self":[{"href":"https:\/\/bodenerdenlustig.ch\/index.php?rest_route=\/wp\/v2\/pages\/57","targetHints":{"allow":["GET"]}}],"collection":[{"href":"https:\/\/bodenerdenlustig.ch\/index.php?rest_route=\/wp\/v2\/pages"}],"about":[{"href":"https:\/\/bodenerdenlustig.ch\/index.php?rest_route=\/wp\/v2\/types\/page"}],"author":[{"embeddable":true,"href":"https:\/\/bodenerdenlustig.ch\/index.php?rest_route=\/wp\/v2\/users\/1"}],"replies":[{"embeddable":true,"href":"https:\/\/bodenerdenlustig.ch\/index.php?rest_route=%2Fwp%2Fv2%2Fcomments&post=57"}],"version-history":[{"count":10,"href":"https:\/\/bodenerdenlustig.ch\/index.php?rest_route=\/wp\/v2\/pages\/57\/revisions"}],"predecessor-version":[{"id":187,"href":"https:\/\/bodenerdenlustig.ch\/index.php?rest_route=\/wp\/v2\/pages\/57\/revisions\/187"}],"wp:attachment":[{"href":"https:\/\/bodenerdenlustig.ch\/index.php?rest_route=%2Fwp%2Fv2%2Fmedia&parent=57"}],"curies":[{"name":"wp","href":"https:\/\/api.w.org\/{rel}","templated":true}]}}